{"id":237292,"date":"2022-01-28T15:53:46","date_gmt":"2022-01-28T12:53:46","guid":{"rendered":"https:\/\/ceotudent.com\/?page_id=237292"},"modified":"2022-01-28T15:53:46","modified_gmt":"2022-01-28T12:53:46","slug":"a-propos-de-nous","status":"publish","type":"page","link":"https:\/\/ceotudent.com\/fr\/a-propos-de-nous","title":{"rendered":"\u00e0 propos de nous"},"content":{"rendered":"<p><span style=\"font-weight: 400;\">CEOtudent a \u00e9t\u00e9 cr\u00e9\u00e9 en mai 2015 pour r\u00e9pondre aux besoins de la Turquie en mati\u00e8re de contenu ax\u00e9 sur le succ\u00e8s, les avantages et l&rsquo;inspiration.<\/span><\/p>\n<p><span style=\"font-weight: 400;\">Tenant compte des attentes des internautes ouverts, curieux et visionnaires vis-\u00e0-vis des nouveaux m\u00e9dias et pr\u00e9sentant leurs contenus dans ces formats, CEOtudent attend ceux qui souhaitent augmenter la qualit\u00e9 des contenus qu&rsquo;ils consomment dans la journ\u00e9e et rendre ce temps productif. De plus, tous les utilisateurs peuvent contribuer au r\u00e9seau d&rsquo;inspiration de CEOtudent en cr\u00e9ant du contenu.<\/span><\/p>\n<p><span style=\"font-weight: 400;\">Vous pouvez \u00e9galement cr\u00e9er du contenu en vous inscrivant \u00e0 CEOtudent, ou vous pouvez aimer, commenter et enregistrer le contenu pour le relire.<\/span><\/p>\n<p><span style=\"font-weight: 400;\">En tant qu&rsquo;\u00e9quipe CEOtudent, nous souhaitons une vie de succ\u00e8s, d&rsquo;avantages et d&rsquo;inspiration \u00e0 nos abonn\u00e9s qui sont venus jusqu&rsquo;ici et ne peuvent r\u00e9sister au d\u00e9sir sans fin d&rsquo;apprendre. \ud83d\ude42<\/span><\/p>\n","protected":false},"excerpt":{"rendered":"<p>CEOtudent a \u00e9t\u00e9 cr\u00e9\u00e9 en mai 2015 pour r\u00e9pondre aux besoins de la Turquie en mati\u00e8re de contenu ax\u00e9 sur le succ\u00e8s, les avantages et l&rsquo;inspiration. Tenant compte des attentes des internautes ouverts, curieux et visionnaires vis-\u00e0-vis des nouveaux m\u00e9dias et pr\u00e9sentant leurs contenus dans ces formats, CEOtudent attend ceux qui souhaitent augmenter la qualit\u00e9&#8230;<\/p>\n","protected":false},"author":152,"featured_media":0,"parent":0,"menu_order":0,"comment_status":"closed","ping_status":"closed","template":"","meta":{"footnotes":""},"class_list":["post-237292","page","type-page","status-publish","hentry"],"_links":{"self":[{"href":"https:\/\/ceotudent.com\/fr\/wp-json\/wp\/v2\/pages\/237292","targetHints":{"allow":["GET"]}}],"collection":[{"href":"https:\/\/ceotudent.com\/fr\/wp-json\/wp\/v2\/pages"}],"about":[{"href":"https:\/\/ceotudent.com\/fr\/wp-json\/wp\/v2\/types\/page"}],"author":[{"embeddable":true,"href":"https:\/\/ceotudent.com\/fr\/wp-json\/wp\/v2\/users\/152"}],"replies":[{"embeddable":true,"href":"https:\/\/ceotudent.com\/fr\/wp-json\/wp\/v2\/comments?post=237292"}],"version-history":[{"count":0,"href":"https:\/\/ceotudent.com\/fr\/wp-json\/wp\/v2\/pages\/237292\/revisions"}],"wp:attachment":[{"href":"https:\/\/ceotudent.com\/fr\/wp-json\/wp\/v2\/media?parent=237292"}],"curies":[{"name":"wp","href":"https:\/\/api.w.org\/{rel}","templated":true}]}}